{"id":85,"date":"2023-10-31T16:52:48","date_gmt":"2023-10-31T16:52:48","guid":{"rendered":"https:\/\/www.chasseurscourrier.com\/?page_id=85"},"modified":"2024-04-07T23:05:40","modified_gmt":"2024-04-08T04:05:40","slug":"book-a-delivery","status":"publish","type":"page","link":"https:\/\/www.chasseurscourrier.com\/fr\/book-a-delivery\/","title":{"rendered":"Faire un envoi"},"content":{"rendered":"<div data-elementor-type=\"wp-page\" data-elementor-id=\"85\" class=\"elementor elementor-85\" data-elementor-post-type=\"page\">\n\t\t\t\t<div class=\"elementor-element elementor-element-342d74c e-flex e-con-boxed e-con e-parent\" data-id=\"342d74c\" data-element_type=\"container\" data-settings=\"{&quot;background_background&quot;:&quot;classic&quot;}\">\n\t\t\t\t\t<div class=\"e-con-inner\">\n\t\t\t\t<div class=\"elementor-element elementor-element-a997690 elementor-widget elementor-widget-text-editor\" data-id=\"a997690\" data-element_type=\"widget\" data-widget_type=\"text-editor.default\">\n\t\t\t\t<div class=\"elementor-widget-container\">\n\t\t\t\t\t\t\t\t\t<p>Faire un enoi<\/p>\t\t\t\t\t\t\t\t<\/div>\n\t\t\t\t<\/div>\n\t\t\t\t<div class=\"elementor-element elementor-element-8b643fa elementor-widget elementor-widget-text-editor\" data-id=\"8b643fa\" data-element_type=\"widget\" data-widget_type=\"text-editor.default\">\n\t\t\t\t<div class=\"elementor-widget-container\">\n\t\t\t\t\t\t\t\t\t<p><span class=\"cc-paragraph\">Besoin d'aller chercher quelque chose quelque part maintenant ? Remplissez le formulaire ci-dessous de la mani\u00e8re la plus compl\u00e8te possible et nous vous r\u00e9pondrons rapidement avec un devis. Avec votre approbation du devis, nous enverrons un coursier pour effectuer la livraison \u2013 aussi simple que cela. <br \/><\/span><\/p><p><span class=\"cc-paragraph\">Les livraisons ponctuelles en dehors de nos zones principales de livraison ne sont pas toujours possibles, et tous les devis de livraison ponctuelle incluent de petits frais administratifs. Si vous pensez utiliser nos services r\u00e9guli\u00e8rement, <a class=\"cc-link\" href=\"https:\/\/www.chasseurscourrier.com\/fr\/work-with-us\/\">cr\u00e9ez un compte gratuit.<\/a>.<\/span><\/p>\t\t\t\t\t\t\t\t<\/div>\n\t\t\t\t<\/div>\n\t\t\t\t\t<\/div>\n\t\t\t\t<\/div>\n\t\t<div class=\"elementor-element elementor-element-4cdab4e e-flex e-con-boxed e-con e-parent\" data-id=\"4cdab4e\" data-element_type=\"container\" data-settings=\"{&quot;background_background&quot;:&quot;classic&quot;}\">\n\t\t\t\t\t<div class=\"e-con-inner\">\n\t\t\t\t<div class=\"elementor-element elementor-element-3881060 elementor-widget elementor-widget-formidable\" data-id=\"3881060\" data-element_type=\"widget\" data-widget_type=\"formidable.default\">\n\t\t\t\t<div class=\"elementor-widget-container\">\n\t\t\t\t\t<div class=\"frm_forms  with_frm_style frm_style_divi\" id=\"frm_form_2_container\" data-token=\"110018090dccffcdd99c4b521cc877b6\">\n<form enctype=\"multipart\/form-data\" method=\"post\" class=\"frm-show-form  frm_js_validate  frm_pro_form\" id=\"form_bookadelivery\" data-token=\"110018090dccffcdd99c4b521cc877b6\" action=\"\">\n<div class=\"frm_form_fields  frm_page_num_1\">\n<fieldset>\n<legend class=\"frm_screen_reader\">Faire un envoi<\/legend>\r\n\r\n<div class=\"frm_fields_container\">\n<div class=\"frm_rootline_group\" role=\"group\" tabindex=\"0\" aria-label=\"Page 1 of 5\" ><ul class=\"frm_page_bar frm_rootline_5 frm_rootline frm_rootline_line  frm_show_lines frm_show_titles\"><li class=\"frm_rootline_single frm_current_page\"><input type=\"button\" value=\"1\" data-page=\"\" class=\"frm_page_1\" aria-disabled=\"true\" data-field=\"0\" aria-label=\"Coordonn\u00e9es\"  \/><span class=\"frm_rootline_title\">Coordonn\u00e9es<\/span><\/li><li class=\"frm_rootline_single\"><input type=\"button\" value=\"2\" data-page=\"8\" class=\"frm_page_skip frm_page_2\" data-field=\"11\" aria-label=\"Cueillette\"  \/><span class=\"frm_rootline_title\">Cueillette<\/span><\/li><li class=\"frm_rootline_single\"><input type=\"button\" value=\"3\" data-page=\"20\" class=\"frm_page_skip frm_page_3\" data-field=\"49\" aria-label=\"Livraison\"  \/><span class=\"frm_rootline_title\">Livraison<\/span><\/li><li class=\"frm_rootline_single\"><input type=\"button\" value=\"4\" data-page=\"32\" class=\"frm_page_skip frm_page_4\" data-field=\"22\" aria-label=\"D\u00e9tails\"  \/><span class=\"frm_rootline_title\">D\u00e9tails<\/span><\/li>\t\t<li class=\"frm_rootline_single frm_rootline_show_hidden_steps_btn frm_hidden\">\n\t\t\t<input type=\"button\" class=\"frm_rootline_show_more_btn\" value=\"\u00b7\u00b7\u00b7\" \/>\n\t\t\t<ul class=\"frm_rootline_hidden_steps frm_hidden\"><\/ul>\n\t\t<\/li>\n\t\t<li class=\"frm_rootline_single\"><input type=\"button\" value=\"5\" data-page=\"52\" class=\"frm_page_skip frm_page_5\" data-field=\"43\" aria-label=\"Sommaire\"  \/><span class=\"frm_rootline_title\">Sommaire<\/span><\/li><\/ul><div class=\"frm_clearfix\"><\/div><\/div><input type=\"hidden\" name=\"frm_action\" value=\"create\" \/>\n<input type=\"hidden\" name=\"form_id\" value=\"2\" \/>\n<input type=\"hidden\" name=\"frm_hide_fields_2\" id=\"frm_hide_fields_2\" value=\"\" \/>\n<input type=\"hidden\" name=\"form_key\" value=\"bookadelivery\" \/>\n<input type=\"hidden\" name=\"item_meta[0]\" value=\"\" \/>\n<input type=\"hidden\" id=\"frm_submit_entry_2\" name=\"frm_submit_entry_2\" value=\"2f8d6f40bf\" \/><input type=\"hidden\" name=\"_wp_http_referer\" value=\"\/fr\/wp-json\/wp\/v2\/pages\/85\" \/><div id=\"frm_field_12_container\" class=\"frm_form_field form-field  frm_required_field form-group frm_top_container frm6 frm_first\">\r\n    <div  id=\"field_yvmpl_label\" class=\"frm_primary_label col-form-label form-label\">Nom\r\n        <span class=\"frm_required\" aria-hidden=\"true\">*<\/span>\r\n    <\/div>\r\n    <fieldset aria-labelledby=\"field_yvmpl_label\">\n\t<legend class=\"frm_screen_reader frm_hidden\">\n\t\tNom\t<\/legend>\n\n\t<div  class=\"frm_combo_inputs_container\" id=\"frm_combo_inputs_container_12\" data-name-layout=\"first_last\">\n\t\t\t\t\t<div\n\t\t\t\tid=\"frm_field_12-first_container\"\n\t\t\t\tclass=\"frm_form_field form-field frm_form_subfield-first  frm6\"\n\t\t\t\tdata-sub-field-name=\"first\"\n\t\t\t>\n\t\t\t\t<label for=\"field_yvmpl_first\" class=\"frm_screen_reader frm_hidden\">\n\t\t\t\t\tPr\u00e9nom\t\t\t\t<\/label>\n\n\t\t\t\t\t\t\t\t\t\t<input\n\t\t\t\t\t\t\ttype=\"text\"\n\t\t\t\t\t\t\tid=\"field_yvmpl_first\"\n\t\t\t\t\t\t\tvalue=\"\"\n\t\t\t\t\t\t\tname=\"item_meta[12][first]\"  data-reqmsg=\"Name cannot be blank.\" aria-required=\"true\" data-invmsg=\"Name is invalid\" class=\"form-control\" aria-invalid=\"false\"  \t\t\t\t\t\t\/>\n\t\t\t\t\t\t<div class=\"frm_description\" id=\"frm_field_12_first_desc\">Pr\u00e9nom<\/div>\t\t\t<\/div>\n\t\t\t\t\t\t<div\n\t\t\t\tid=\"frm_field_12-last_container\"\n\t\t\t\tclass=\"frm_form_field form-field frm_form_subfield-last  frm6\"\n\t\t\t\tdata-sub-field-name=\"last\"\n\t\t\t>\n\t\t\t\t<label for=\"field_yvmpl_last\" class=\"frm_screen_reader frm_hidden\">\n\t\t\t\t\tNom de famille\t\t\t\t<\/label>\n\n\t\t\t\t\t\t\t\t\t\t<input\n\t\t\t\t\t\t\ttype=\"text\"\n\t\t\t\t\t\t\tid=\"field_yvmpl_last\"\n\t\t\t\t\t\t\tvalue=\"\"\n\t\t\t\t\t\t\tname=\"item_meta[12][last]\"  data-reqmsg=\"Name cannot be blank.\" aria-required=\"true\" data-invmsg=\"Name is invalid\" class=\"form-control\" aria-invalid=\"false\"  \t\t\t\t\t\t\/>\n\t\t\t\t\t\t<div class=\"frm_description\" id=\"frm_field_12_last_desc\">Nom de famille<\/div>\t\t\t<\/div>\n\t\t\t\t<\/div>\n<\/fieldset>\n\r\n    \r\n    \r\n<\/div>\n<div id=\"frm_field_7_container\" class=\"frm_form_field form-field  form-group frm_top_container frm6\">\r\n    <label for=\"field_no0pq\" id=\"field_no0pq_label\" class=\"frm_primary_label col-form-label form-label\">Nom de l'entreprise\r\n        <span class=\"frm_required\" aria-hidden=\"true\"><\/span>\r\n    <\/label>\r\n    <input type=\"text\" id=\"field_no0pq\" name=\"item_meta[7]\" value=\"\"  data-invmsg=\"Text is invalid\" class=\"form-control\" aria-invalid=\"false\"  \/>\r\n    \r\n    \r\n<\/div>\n<div id=\"frm_field_9_container\" class=\"frm_form_field form-field  frm_required_field form-group frm_top_container frm6 frm_first frm_third\">\r\n    <label for=\"field_wlvda\" id=\"field_wlvda_label\" class=\"frm_primary_label col-form-label form-label\">T\u00e9l\u00e9phone\r\n        <span class=\"frm_required\" aria-hidden=\"true\">*<\/span>\r\n    <\/label>\r\n    <input type=\"tel\" id=\"field_wlvda\" name=\"item_meta[9]\" value=\"\"  data-reqmsg=\"Phone cannot be blank.\" aria-required=\"true\" data-invmsg=\"Phone is invalid\" class=\"form-control\" aria-invalid=\"false\" pattern=\"((\\+\\d{1,3}(-|.| )?\\(?\\d\\)?(-| |.)?\\d{1,5})|(\\(?\\d{2,6}\\)?))(-|.| )?(\\d{3,4})(-|.| )?(\\d{4})(( x| ext)\\d{1,5}){0,1}$\"  \/>\r\n    \r\n    \r\n<\/div>\n<div id=\"frm_field_10_container\" class=\"frm_form_field form-field  frm_required_field form-group frm_top_container frm6 frm_two_thirds\">\r\n    <label for=\"field_e0gq9\" id=\"field_e0gq9_label\" class=\"frm_primary_label col-form-label form-label\">Email\r\n        <span class=\"frm_required\" aria-hidden=\"true\">*<\/span>\r\n    <\/label>\r\n    <input type=\"email\" id=\"field_e0gq9\" name=\"item_meta[10]\" value=\"\"  data-reqmsg=\"Email cannot be blank.\" aria-required=\"true\" data-invmsg=\"Email is invalid\" class=\"form-control\" aria-invalid=\"false\"  \/>\r\n    \r\n    \r\n<\/div>\n<input type=\"hidden\" name=\"frm_page_order_2\" id=\"frm_page_order_2\" value=\"8\" \/><input type=\"hidden\" name=\"item_meta[15]\" id=\"field_fl2ji\" value=\"\"  class=\"form-control\"   \/>\n<input type=\"hidden\" name=\"item_meta[17]\" id=\"field_a7e5m\" value=\"\"  data-sectionid=\"15\" class=\"form-control\"   \/>\n<input type=\"hidden\" name=\"item_meta[18]\" id=\"field_fvv5e\" value=\"\"  data-sectionid=\"15\" class=\"form-control\"   \/>\n<input type=\"hidden\" name=\"item_meta[19]\" id=\"field_49saq\" value=\"\"  data-sectionid=\"15\" class=\"form-control\"   \/>\n<input type=\"hidden\" name=\"item_meta[20]\" id=\"field_2krh7\" value=\"\"  data-sectionid=\"15\" class=\"form-control\"   \/>\n<input type=\"hidden\" name=\"item_meta[21]\" id=\"field_lr5d7\" value=\"\"  data-sectionid=\"15\" class=\"form-control\"   \/>\n<input type=\"hidden\" name=\"item_meta[16]\" id=\"field_zyui0\" value=\"\"  class=\"form-control\"   \/>\n<input type=\"hidden\" name=\"item_meta[49]\" id=\"field_3xkiv\" value=\"\"  class=\"form-control\"   \/>\n<input type=\"hidden\" name=\"item_meta[25]\" id=\"field_hnav5\" value=\"\"  class=\"form-control\"   \/>\n<input type=\"hidden\" name=\"item_meta[26]\" id=\"field_h907z\" value=\"\"  data-sectionid=\"25\" class=\"form-control\"   \/>\n<input type=\"hidden\" name=\"item_meta[27]\" id=\"field_4jnnl\" value=\"\"  data-sectionid=\"25\" class=\"form-control\"   \/>\n<input type=\"hidden\" name=\"item_meta[28]\" id=\"field_2e1ky\" value=\"\"  data-sectionid=\"25\" class=\"form-control\"   \/>\n<input type=\"hidden\" name=\"item_meta[29]\" id=\"field_eumah\" value=\"\"  data-sectionid=\"25\" class=\"form-control\"   \/>\n<input type=\"hidden\" name=\"item_meta[30]\" id=\"field_h3xg5\" value=\"\"  data-sectionid=\"25\" class=\"form-control\"   \/>\n<input type=\"hidden\" name=\"item_meta[31]\" id=\"field_gwpn6\" value=\"\"  class=\"form-control\"   \/>\n<input type=\"hidden\" name=\"item_meta[22]\" id=\"field_2i81h\" value=\"\"  class=\"form-control\"   \/>\n<input type=\"hidden\" name=\"item_meta[23]\" id=\"field_a2xgm\" value=\"\"  class=\"form-control\"   \/>\n<input type=\"hidden\" name=\"item_meta[33]\" id=\"field_c6jla\" value=\"\"  data-sectionid=\"23\" class=\"form-control\"   \/>\n<input type=\"hidden\" name=\"item_meta[32]\" id=\"field_x3ml4\" value=\"\"  data-sectionid=\"23\" class=\"form-control\"   \/>\n<input type=\"hidden\" name=\"item_meta[34]\" id=\"field_6smzi-0\" value=\"\"  data-sectionid=\"23\" class=\"form-control\"   \/>\n<input type=\"hidden\" name=\"item_meta[41]\" id=\"field_1fm7s\" value=\"\"  data-sectionid=\"23\" class=\"form-control\"   \/>\n<input type=\"hidden\" name=\"item_meta[42]\" id=\"field_z5pc4\" value=\"\"  data-sectionid=\"23\" class=\"form-control\"   \/>\n<input type=\"hidden\" name=\"item_meta[35]\" id=\"field_yi9f9\" value=\"\"  data-sectionid=\"23\" class=\"form-control\"   \/>\n<input type=\"hidden\" name=\"item_meta[37]\" id=\"field_3qh8q\" value=\"\"  data-sectionid=\"23\" class=\"form-control\"   \/>\n<input type=\"hidden\" name=\"item_meta[36]\" id=\"field_xiuwa\" value=\"\"  data-sectionid=\"23\" class=\"form-control\"   \/>\n<input type=\"hidden\" name=\"item_meta[38]\" id=\"field_tjtbr\" value=\"\"  data-sectionid=\"23\" class=\"form-control\"   \/>\n<input type=\"hidden\" name=\"item_meta[39]\" id=\"field_wtvn\" value=\"\"  data-sectionid=\"23\" class=\"form-control\"   \/>\n<input type=\"hidden\" name=\"item_meta[40]\" id=\"field_e2vkv\" value=\"\"  data-sectionid=\"23\" class=\"form-control\"   \/>\n<input type=\"hidden\" name=\"item_meta[24]\" id=\"field_ga7y9\" value=\"\"  class=\"form-control\"   \/>\n<input type=\"hidden\" name=\"item_meta[43]\" id=\"field_yt5cu\" value=\"\"  class=\"form-control\"   \/>\n<input type=\"hidden\" name=\"item_meta[44]\" id=\"field_3b2pn\" value=\"\"  class=\"form-control\"   \/>\n<input type=\"hidden\" name=\"item_meta[47]\" id=\"field_cqhfb\" value=\"\"  data-sectionid=\"44\" class=\"form-control\"   \/>\n<input type=\"hidden\" name=\"item_meta[48]\" id=\"field_y2mm3\" value=\"\"  data-sectionid=\"44\" class=\"form-control\"   \/>\n<input type=\"hidden\" name=\"item_meta[45]\" id=\"field_7yhye\" value=\"\"  class=\"form-control\"   \/>\n\t<input type=\"hidden\" name=\"item_key\" value=\"\" \/>\n\t\t\t\t<div class=\"frm__654e7c53b3d23\">\n\t\t\t\t<label for=\"frm_email_2\" >\n\t\t\t\t\tIf you are human, leave this field blank.\t\t\t\t<\/label>\n\t\t\t\t<input  id=\"frm_email_2\" type=\"text\" class=\"frm_verify\" name=\"frm__654e7c53b3d23\" value=\"\" autocomplete=\"off\"  \/>\n\t\t\t<\/div>\n\t\t<input name=\"frm_state\" type=\"hidden\" value=\"zHQSFxDAJ4Bh5uxSM+DBfR7Hy1UuQy3ryxMYg9To+lQ=\" \/><div class=\"form-group frm_submit\">\r\n\r\n<button class=\"frm_button_submit btn btn-secondary\" type=\"submit\"   formnovalidate=\"formnovalidate\">Suivant<\/button>\r\n\r\n\r\n<\/div><\/div>\n<\/fieldset>\n<\/div>\n\n<input type=\"hidden\" name=\"trp-form-language\" value=\"fr\"\/><\/form>\n<\/div>\n\t\t\t\t<\/div>\n\t\t\t\t<\/div>\n\t\t\t\t\t<\/div>\n\t\t\t\t<\/div>\n\t\t\t\t<\/div>","protected":false},"excerpt":{"rendered":"<p>BOOK A DELIVERY Need to get something somewhere right now? Fill out the form below as completely as possible and we\u2019ll respond promptly with a quote. Pending your approval, we\u2019ll dispatch a courier to complete the delivery \u2013 simple as that. One-off deliveries outside of our core delivery zones are not always possible, and all [&hellip;]<\/p>","protected":false},"author":1,"featured_media":0,"parent":0,"menu_order":0,"comment_status":"closed","ping_status":"closed","template":"","meta":{"footnotes":""},"class_list":["post-85","page","type-page","status-publish","hentry"],"yoast_head":"<!-- This site is optimized with the Yoast SEO plugin v27.4 - https:\/\/yoast.com\/product\/yoast-seo-wordpress\/ -->\n<title>Book a Delivery - Chasseurs Courrier Coop de solidarit\u00e9<\/title>\n<meta name=\"robots\" content=\"index, follow, max-snippet:-1, max-image-preview:large, max-video-preview:-1\" \/>\n<link rel=\"canonical\" href=\"https:\/\/www.chasseurscourrier.com\/fr\/book-a-delivery\/\" \/>\n<meta property=\"og:locale\" content=\"fr_CA\" \/>\n<meta property=\"og:type\" content=\"article\" \/>\n<meta property=\"og:title\" content=\"Book a Delivery - Chasseurs Courrier Coop de solidarit\u00e9\" \/>\n<meta property=\"og:description\" content=\"BOOK A DELIVERY Need to get something somewhere right now? Fill out the form below as completely as possible and we\u2019ll respond promptly with a quote. Pending your approval, we\u2019ll dispatch a courier to complete the delivery \u2013 simple as that. One-off deliveries outside of our core delivery zones are not always possible, and all [&hellip;]\" \/>\n<meta property=\"og:url\" content=\"https:\/\/www.chasseurscourrier.com\/fr\/book-a-delivery\/\" \/>\n<meta property=\"og:site_name\" content=\"Chasseurs Courrier Coop de solidarit\u00e9\" \/>\n<meta property=\"article:modified_time\" content=\"2024-04-08T04:05:40+00:00\" \/>\n<meta name=\"twitter:card\" content=\"summary_large_image\" \/>\n<meta name=\"twitter:label1\" content=\"Estimation du temps de lecture\" \/>\n\t<meta name=\"twitter:data1\" content=\"1 minute\" \/>\n<script type=\"application\/ld+json\" class=\"yoast-schema-graph\">{\"@context\":\"https:\\\/\\\/schema.org\",\"@graph\":[{\"@type\":\"WebPage\",\"@id\":\"https:\\\/\\\/www.chasseurscourrier.com\\\/book-a-delivery\\\/\",\"url\":\"https:\\\/\\\/www.chasseurscourrier.com\\\/book-a-delivery\\\/\",\"name\":\"Book a Delivery - Chasseurs Courrier Coop de solidarit\u00e9\",\"isPartOf\":{\"@id\":\"https:\\\/\\\/www.chasseurscourrier.com\\\/#website\"},\"datePublished\":\"2023-10-31T16:52:48+00:00\",\"dateModified\":\"2024-04-08T04:05:40+00:00\",\"breadcrumb\":{\"@id\":\"https:\\\/\\\/www.chasseurscourrier.com\\\/book-a-delivery\\\/#breadcrumb\"},\"inLanguage\":\"fr-CA\",\"potentialAction\":[{\"@type\":\"ReadAction\",\"target\":[\"https:\\\/\\\/www.chasseurscourrier.com\\\/book-a-delivery\\\/\"]}]},{\"@type\":\"BreadcrumbList\",\"@id\":\"https:\\\/\\\/www.chasseurscourrier.com\\\/book-a-delivery\\\/#breadcrumb\",\"itemListElement\":[{\"@type\":\"ListItem\",\"position\":1,\"name\":\"Home\",\"item\":\"https:\\\/\\\/www.chasseurscourrier.com\\\/\"},{\"@type\":\"ListItem\",\"position\":2,\"name\":\"Book a Delivery\"}]},{\"@type\":\"WebSite\",\"@id\":\"https:\\\/\\\/www.chasseurscourrier.com\\\/#website\",\"url\":\"https:\\\/\\\/www.chasseurscourrier.com\\\/\",\"name\":\"Chasseurs Courrier Coop de solidarit\u00e9\",\"description\":\"\",\"publisher\":{\"@id\":\"https:\\\/\\\/www.chasseurscourrier.com\\\/#organization\"},\"potentialAction\":[{\"@type\":\"SearchAction\",\"target\":{\"@type\":\"EntryPoint\",\"urlTemplate\":\"https:\\\/\\\/www.chasseurscourrier.com\\\/?s={search_term_string}\"},\"query-input\":{\"@type\":\"PropertyValueSpecification\",\"valueRequired\":true,\"valueName\":\"search_term_string\"}}],\"inLanguage\":\"fr-CA\"},{\"@type\":\"Organization\",\"@id\":\"https:\\\/\\\/www.chasseurscourrier.com\\\/#organization\",\"name\":\"Chasseurs Courrier Coop de solidarit\u00e9\",\"url\":\"https:\\\/\\\/www.chasseurscourrier.com\\\/\",\"logo\":{\"@type\":\"ImageObject\",\"inLanguage\":\"fr-CA\",\"@id\":\"https:\\\/\\\/www.chasseurscourrier.com\\\/#\\\/schema\\\/logo\\\/image\\\/\",\"url\":\"https:\\\/\\\/i0.wp.com\\\/www.chasseurscourrier.com\\\/wp-content\\\/uploads\\\/2023\\\/10\\\/chasseurs-coop-logo-dark.png?fit=982%2C782&ssl=1\",\"contentUrl\":\"https:\\\/\\\/i0.wp.com\\\/www.chasseurscourrier.com\\\/wp-content\\\/uploads\\\/2023\\\/10\\\/chasseurs-coop-logo-dark.png?fit=982%2C782&ssl=1\",\"width\":982,\"height\":782,\"caption\":\"Chasseurs Courrier Coop de solidarit\u00e9\"},\"image\":{\"@id\":\"https:\\\/\\\/www.chasseurscourrier.com\\\/#\\\/schema\\\/logo\\\/image\\\/\"}}]}<\/script>\n<!-- \/ Yoast SEO plugin. -->","yoast_head_json":{"title":"Book a Delivery - Chasseurs Courrier Coop de solidarit\u00e9","robots":{"index":"index","follow":"follow","max-snippet":"max-snippet:-1","max-image-preview":"max-image-preview:large","max-video-preview":"max-video-preview:-1"},"canonical":"https:\/\/www.chasseurscourrier.com\/fr\/book-a-delivery\/","og_locale":"fr_CA","og_type":"article","og_title":"Book a Delivery - Chasseurs Courrier Coop de solidarit\u00e9","og_description":"BOOK A DELIVERY Need to get something somewhere right now? Fill out the form below as completely as possible and we\u2019ll respond promptly with a quote. Pending your approval, we\u2019ll dispatch a courier to complete the delivery \u2013 simple as that. One-off deliveries outside of our core delivery zones are not always possible, and all [&hellip;]","og_url":"https:\/\/www.chasseurscourrier.com\/fr\/book-a-delivery\/","og_site_name":"Chasseurs Courrier Coop de solidarit\u00e9","article_modified_time":"2024-04-08T04:05:40+00:00","twitter_card":"summary_large_image","twitter_misc":{"Estimation du temps de lecture":"1 minute"},"schema":{"@context":"https:\/\/schema.org","@graph":[{"@type":"WebPage","@id":"https:\/\/www.chasseurscourrier.com\/book-a-delivery\/","url":"https:\/\/www.chasseurscourrier.com\/book-a-delivery\/","name":"Book a Delivery - Chasseurs Courrier Coop de solidarit\u00e9","isPartOf":{"@id":"https:\/\/www.chasseurscourrier.com\/#website"},"datePublished":"2023-10-31T16:52:48+00:00","dateModified":"2024-04-08T04:05:40+00:00","breadcrumb":{"@id":"https:\/\/www.chasseurscourrier.com\/book-a-delivery\/#breadcrumb"},"inLanguage":"fr-CA","potentialAction":[{"@type":"ReadAction","target":["https:\/\/www.chasseurscourrier.com\/book-a-delivery\/"]}]},{"@type":"BreadcrumbList","@id":"https:\/\/www.chasseurscourrier.com\/book-a-delivery\/#breadcrumb","itemListElement":[{"@type":"ListItem","position":1,"name":"Home","item":"https:\/\/www.chasseurscourrier.com\/"},{"@type":"ListItem","position":2,"name":"Book a Delivery"}]},{"@type":"WebSite","@id":"https:\/\/www.chasseurscourrier.com\/#website","url":"https:\/\/www.chasseurscourrier.com\/","name":"Chasseurs Courrier Coop de solidarit\u00e9","description":"","publisher":{"@id":"https:\/\/www.chasseurscourrier.com\/#organization"},"potentialAction":[{"@type":"SearchAction","target":{"@type":"EntryPoint","urlTemplate":"https:\/\/www.chasseurscourrier.com\/?s={search_term_string}"},"query-input":{"@type":"PropertyValueSpecification","valueRequired":true,"valueName":"search_term_string"}}],"inLanguage":"fr-CA"},{"@type":"Organization","@id":"https:\/\/www.chasseurscourrier.com\/#organization","name":"Chasseurs Courrier Coop de solidarit\u00e9","url":"https:\/\/www.chasseurscourrier.com\/","logo":{"@type":"ImageObject","inLanguage":"fr-CA","@id":"https:\/\/www.chasseurscourrier.com\/#\/schema\/logo\/image\/","url":"https:\/\/i0.wp.com\/www.chasseurscourrier.com\/wp-content\/uploads\/2023\/10\/chasseurs-coop-logo-dark.png?fit=982%2C782&ssl=1","contentUrl":"https:\/\/i0.wp.com\/www.chasseurscourrier.com\/wp-content\/uploads\/2023\/10\/chasseurs-coop-logo-dark.png?fit=982%2C782&ssl=1","width":982,"height":782,"caption":"Chasseurs Courrier Coop de solidarit\u00e9"},"image":{"@id":"https:\/\/www.chasseurscourrier.com\/#\/schema\/logo\/image\/"}}]}},"jetpack_sharing_enabled":true,"_links":{"self":[{"href":"https:\/\/www.chasseurscourrier.com\/fr\/wp-json\/wp\/v2\/pages\/85","targetHints":{"allow":["GET"]}}],"collection":[{"href":"https:\/\/www.chasseurscourrier.com\/fr\/wp-json\/wp\/v2\/pages"}],"about":[{"href":"https:\/\/www.chasseurscourrier.com\/fr\/wp-json\/wp\/v2\/types\/page"}],"author":[{"embeddable":true,"href":"https:\/\/www.chasseurscourrier.com\/fr\/wp-json\/wp\/v2\/users\/1"}],"replies":[{"embeddable":true,"href":"https:\/\/www.chasseurscourrier.com\/fr\/wp-json\/wp\/v2\/comments?post=85"}],"version-history":[{"count":5,"href":"https:\/\/www.chasseurscourrier.com\/fr\/wp-json\/wp\/v2\/pages\/85\/revisions"}],"predecessor-version":[{"id":1062,"href":"https:\/\/www.chasseurscourrier.com\/fr\/wp-json\/wp\/v2\/pages\/85\/revisions\/1062"}],"wp:attachment":[{"href":"https:\/\/www.chasseurscourrier.com\/fr\/wp-json\/wp\/v2\/media?parent=85"}],"curies":[{"name":"wp","href":"https:\/\/api.w.org\/{rel}","templated":true}]}}