{"id":1149,"date":"2024-04-17T09:23:26","date_gmt":"2024-04-17T14:23:26","guid":{"rendered":"https:\/\/www.chasseurscourrier.com\/?page_id=1149"},"modified":"2024-04-17T11:18:25","modified_gmt":"2024-04-17T16:18:25","slug":"shop","status":"publish","type":"page","link":"https:\/\/www.chasseurscourrier.com\/fr\/shop\/","title":{"rendered":"shop"},"content":{"rendered":"<div data-elementor-type=\"wp-page\" data-elementor-id=\"1149\" class=\"elementor elementor-1149\" data-elementor-post-type=\"page\">\n\t\t\t\t<div class=\"elementor-element elementor-element-68fe0a3 e-flex e-con-boxed e-con e-parent\" data-id=\"68fe0a3\" data-element_type=\"container\" data-settings=\"{&quot;background_background&quot;:&quot;classic&quot;}\">\n\t\t\t\t\t<div class=\"e-con-inner\">\n\t\t\t\t<div class=\"elementor-element elementor-element-94e877c elementor-grid-2 elementor-grid-tablet-3 elementor-grid-mobile-2 elementor-products-grid elementor-wc-products elementor-widget elementor-widget-woocommerce-products\" data-id=\"94e877c\" data-element_type=\"widget\" data-widget_type=\"woocommerce-products.default\">\n\t\t\t\t<div class=\"elementor-widget-container\">\n\t\t\t\t\t<div class=\"woocommerce columns-2\"><ul class=\"products elementor-grid columns-2\">\n<li class=\"product type-product post-1246 status-publish first instock product_cat-uncategorized has-post-thumbnail sale taxable shipping-taxable purchasable product-type-variable\">\n\t<a href=\"https:\/\/www.chasseurscourrier.com\/fr\/produit\/keep-honking-longsleeve\/\" class=\"woocommerce-LoopProduct-link woocommerce-loop-product__link\">\n\t<span class=\"onsale\" data-no-translation=\"\" data-trp-gettext=\"\">Promo!<\/span>\n\t<img fetchpriority=\"high\" decoding=\"async\" width=\"300\" height=\"300\" src=\"https:\/\/i0.wp.com\/www.chasseurscourrier.com\/wp-content\/uploads\/2024\/04\/longsleeve-1-scaled.jpg?resize=300%2C300&amp;ssl=1\" class=\"attachment-woocommerce_thumbnail size-woocommerce_thumbnail\" alt=\"shirt front with repeating chasseurs courrier logo and a childlike drawing of a person on a bike\" srcset=\"https:\/\/i0.wp.com\/www.chasseurscourrier.com\/wp-content\/uploads\/2024\/04\/longsleeve-1-scaled.jpg?resize=150%2C150&amp;ssl=1 150w, https:\/\/i0.wp.com\/www.chasseurscourrier.com\/wp-content\/uploads\/2024\/04\/longsleeve-1-scaled.jpg?resize=300%2C300&amp;ssl=1 300w, https:\/\/i0.wp.com\/www.chasseurscourrier.com\/wp-content\/uploads\/2024\/04\/longsleeve-1-scaled.jpg?resize=100%2C100&amp;ssl=1 100w, https:\/\/i0.wp.com\/www.chasseurscourrier.com\/wp-content\/uploads\/2024\/04\/longsleeve-1-scaled.jpg?zoom=2&amp;resize=300%2C300&amp;ssl=1 600w, https:\/\/i0.wp.com\/www.chasseurscourrier.com\/wp-content\/uploads\/2024\/04\/longsleeve-1-scaled.jpg?zoom=3&amp;resize=300%2C300&amp;ssl=1 900w\" sizes=\"(max-width: 300px) 100vw, 300px\" \/><h2 class=\"woocommerce-loop-product__title\">KEEP HONKING! Longsleeve<\/h2>\n\t<span class=\"price\"><del aria-hidden=\"true\"><span class=\"woocommerce-Price-amount amount\"><bdi><span class=\"woocommerce-Price-currencySymbol\">&#36;<\/span>35.00<\/bdi><\/span><\/del> <span class=\"screen-reader-text\" data-no-translation=\"\" data-trp-gettext=\"\">Le prix initial \u00e9tait\u00a0: &#036;35.00.<\/span><ins aria-hidden=\"true\"><span class=\"woocommerce-Price-amount amount\"><bdi><span class=\"woocommerce-Price-currencySymbol\">&#36;<\/span>20.00<\/bdi><\/span><\/ins><span class=\"screen-reader-text\" data-no-translation=\"\" data-trp-gettext=\"\">Le prix actuel est\u00a0: &#036;20.00.<\/span><\/span>\n<\/a><a href=\"https:\/\/www.chasseurscourrier.com\/fr\/produit\/keep-honking-longsleeve\/\" aria-describedby=\"woocommerce_loop_add_to_cart_link_describedby_1246\" data-quantity=\"1\" class=\"button product_type_variable add_to_cart_button\" data-product_id=\"1246\" data-product_sku=\"\" aria-label=\"S\u00e9lectionner les options pour \u201cKEEP HONKING! Longsleeve\u201d\" rel=\"nofollow\" data-no-translation=\"\" data-trp-gettext=\"\" data-no-translation-aria-label=\"\">Choix des options<\/a>\t<span id=\"woocommerce_loop_add_to_cart_link_describedby_1246\" class=\"screen-reader-text\">\n\t\tCe produit a plusieurs variations. Les options peuvent \u00eatre choisies sur la page du produit\t<\/span>\n<\/li>\n<li class=\"product type-product post-1194 status-publish last outofstock product_cat-uncategorized has-post-thumbnail sale taxable shipping-taxable purchasable product-type-variable\">\n\t<a href=\"https:\/\/www.chasseurscourrier.com\/fr\/produit\/keep-honking-t-shirt-small-only-clearance\/\" class=\"woocommerce-LoopProduct-link woocommerce-loop-product__link\">\n\t<span class=\"onsale\" data-no-translation=\"\" data-trp-gettext=\"\">Promo!<\/span>\n\t<img decoding=\"async\" width=\"300\" height=\"300\" src=\"https:\/\/i0.wp.com\/www.chasseurscourrier.com\/wp-content\/uploads\/2024\/04\/IMG_20240419_115508_238-scaled.jpg?resize=300%2C300&amp;ssl=1\" class=\"attachment-woocommerce_thumbnail size-woocommerce_thumbnail\" alt=\"white tshirt with a yellow bar on the back that says &quot;keep honking i&#039;m listening to my dispatcher on zello&quot; modeled on a tan-skinned person with arm tattoos\" srcset=\"https:\/\/i0.wp.com\/www.chasseurscourrier.com\/wp-content\/uploads\/2024\/04\/IMG_20240419_115508_238-scaled.jpg?resize=150%2C150&amp;ssl=1 150w, https:\/\/i0.wp.com\/www.chasseurscourrier.com\/wp-content\/uploads\/2024\/04\/IMG_20240419_115508_238-scaled.jpg?resize=300%2C300&amp;ssl=1 300w, https:\/\/i0.wp.com\/www.chasseurscourrier.com\/wp-content\/uploads\/2024\/04\/IMG_20240419_115508_238-scaled.jpg?resize=100%2C100&amp;ssl=1 100w, https:\/\/i0.wp.com\/www.chasseurscourrier.com\/wp-content\/uploads\/2024\/04\/IMG_20240419_115508_238-scaled.jpg?zoom=2&amp;resize=300%2C300&amp;ssl=1 600w, https:\/\/i0.wp.com\/www.chasseurscourrier.com\/wp-content\/uploads\/2024\/04\/IMG_20240419_115508_238-scaled.jpg?zoom=3&amp;resize=300%2C300&amp;ssl=1 900w\" sizes=\"(max-width: 300px) 100vw, 300px\" \/><h2 class=\"woocommerce-loop-product__title\">KEEP HONKING T-shirt (small only)<\/h2>\n\t<span class=\"price\"><del aria-hidden=\"true\"><span class=\"woocommerce-Price-amount amount\"><bdi><span class=\"woocommerce-Price-currencySymbol\">&#36;<\/span>20.00<\/bdi><\/span><\/del> <span class=\"screen-reader-text\" data-no-translation=\"\" data-trp-gettext=\"\">Le prix initial \u00e9tait\u00a0: &#036;20.00.<\/span><ins aria-hidden=\"true\"><span class=\"woocommerce-Price-amount amount\"><bdi><span class=\"woocommerce-Price-currencySymbol\">&#36;<\/span>10.00<\/bdi><\/span><\/ins><span class=\"screen-reader-text\" data-no-translation=\"\" data-trp-gettext=\"\">Le prix actuel est\u00a0: &#036;10.00.<\/span><\/span>\n<\/a><a href=\"https:\/\/www.chasseurscourrier.com\/fr\/produit\/keep-honking-t-shirt-small-only-clearance\/\" aria-describedby=\"woocommerce_loop_add_to_cart_link_describedby_1194\" data-quantity=\"1\" class=\"button product_type_variable\" data-product_id=\"1194\" data-product_sku=\"1197\" aria-label=\"S\u00e9lectionner les options pour \u201cKEEP HONKING T-shirt (small only)\u201d\" rel=\"nofollow\" data-no-translation=\"\" data-trp-gettext=\"\" data-no-translation-aria-label=\"\">Choix des options<\/a>\t<span id=\"woocommerce_loop_add_to_cart_link_describedby_1194\" class=\"screen-reader-text\">\n\t\tCe produit a plusieurs variations. Les options peuvent \u00eatre choisies sur la page du produit\t<\/span>\n<\/li>\n<li class=\"product type-product post-1079 status-publish first instock product_cat-uncategorized has-post-thumbnail taxable shipping-taxable purchasable product-type-variable\">\n\t<a href=\"https:\/\/www.chasseurscourrier.com\/fr\/produit\/pre-order-chasseurs-10th-anniversary-t-shirt\/\" class=\"woocommerce-LoopProduct-link woocommerce-loop-product__link\"><img decoding=\"async\" width=\"300\" height=\"300\" src=\"https:\/\/i0.wp.com\/www.chasseurscourrier.com\/wp-content\/uploads\/2024\/04\/mockup-no-text.png?resize=300%2C300&amp;ssl=1\" class=\"attachment-woocommerce_thumbnail size-woocommerce_thumbnail\" alt=\"front and back mockup of a dark blue-green shirt with cream coloured designs printed.\" srcset=\"https:\/\/i0.wp.com\/www.chasseurscourrier.com\/wp-content\/uploads\/2024\/04\/mockup-no-text.png?w=2000&amp;ssl=1 2000w, https:\/\/i0.wp.com\/www.chasseurscourrier.com\/wp-content\/uploads\/2024\/04\/mockup-no-text.png?resize=300%2C300&amp;ssl=1 300w, https:\/\/i0.wp.com\/www.chasseurscourrier.com\/wp-content\/uploads\/2024\/04\/mockup-no-text.png?resize=1024%2C1024&amp;ssl=1 1024w, https:\/\/i0.wp.com\/www.chasseurscourrier.com\/wp-content\/uploads\/2024\/04\/mockup-no-text.png?resize=150%2C150&amp;ssl=1 150w, https:\/\/i0.wp.com\/www.chasseurscourrier.com\/wp-content\/uploads\/2024\/04\/mockup-no-text.png?resize=768%2C768&amp;ssl=1 768w, https:\/\/i0.wp.com\/www.chasseurscourrier.com\/wp-content\/uploads\/2024\/04\/mockup-no-text.png?resize=1536%2C1536&amp;ssl=1 1536w, https:\/\/i0.wp.com\/www.chasseurscourrier.com\/wp-content\/uploads\/2024\/04\/mockup-no-text.png?resize=12%2C12&amp;ssl=1 12w, https:\/\/i0.wp.com\/www.chasseurscourrier.com\/wp-content\/uploads\/2024\/04\/mockup-no-text.png?resize=600%2C600&amp;ssl=1 600w, https:\/\/i0.wp.com\/www.chasseurscourrier.com\/wp-content\/uploads\/2024\/04\/mockup-no-text.png?resize=100%2C100&amp;ssl=1 100w, https:\/\/i0.wp.com\/www.chasseurscourrier.com\/wp-content\/uploads\/2024\/04\/mockup-no-text.png?w=1600&amp;ssl=1 1600w\" sizes=\"(max-width: 300px) 100vw, 300px\" \/><h2 class=\"woocommerce-loop-product__title\">Chasseurs 10th anniversary T-shirt<\/h2>\n\t<span class=\"price\"><span class=\"woocommerce-Price-amount amount\"><bdi><span class=\"woocommerce-Price-currencySymbol\">&#36;<\/span>20.00<\/bdi><\/span><\/span>\n<\/a><a href=\"https:\/\/www.chasseurscourrier.com\/fr\/produit\/pre-order-chasseurs-10th-anniversary-t-shirt\/\" aria-describedby=\"woocommerce_loop_add_to_cart_link_describedby_1079\" data-quantity=\"1\" class=\"button product_type_variable add_to_cart_button\" data-product_id=\"1079\" data-product_sku=\"\" aria-label=\"S\u00e9lectionner les options pour \u201cChasseurs 10th anniversary T-shirt\u201d\" rel=\"nofollow\" data-no-translation=\"\" data-trp-gettext=\"\" data-no-translation-aria-label=\"\">Choix des options<\/a>\t<span id=\"woocommerce_loop_add_to_cart_link_describedby_1079\" class=\"screen-reader-text\">\n\t\tCe produit a plusieurs variations. Les options peuvent \u00eatre choisies sur la page du produit\t<\/span>\n<\/li>\n<li class=\"product type-product post-1090 status-publish last instock product_cat-uncategorized has-post-thumbnail taxable shipping-taxable purchasable product-type-simple\">\n\t<a href=\"https:\/\/www.chasseurscourrier.com\/fr\/produit\/preorder-chasseurs-10th-anniversary-embroidered-patch\/\" class=\"woocommerce-LoopProduct-link woocommerce-loop-product__link\"><img loading=\"lazy\" decoding=\"async\" width=\"300\" height=\"300\" src=\"https:\/\/i0.wp.com\/www.chasseurscourrier.com\/wp-content\/uploads\/2024\/04\/IMG_20240514_102049_7142-scaled.jpg?resize=300%2C300&amp;ssl=1\" class=\"attachment-woocommerce_thumbnail size-woocommerce_thumbnail\" alt=\"circular embroidered patch with a long-haired rider carrying a 10th anniversary cake on a cargo bike. text around the outside reads chasseurs courrier coop de solidarite\" srcset=\"https:\/\/i0.wp.com\/www.chasseurscourrier.com\/wp-content\/uploads\/2024\/04\/IMG_20240514_102049_7142-scaled.jpg?resize=150%2C150&amp;ssl=1 150w, https:\/\/i0.wp.com\/www.chasseurscourrier.com\/wp-content\/uploads\/2024\/04\/IMG_20240514_102049_7142-scaled.jpg?resize=12%2C12&amp;ssl=1 12w, https:\/\/i0.wp.com\/www.chasseurscourrier.com\/wp-content\/uploads\/2024\/04\/IMG_20240514_102049_7142-scaled.jpg?resize=300%2C300&amp;ssl=1 300w, https:\/\/i0.wp.com\/www.chasseurscourrier.com\/wp-content\/uploads\/2024\/04\/IMG_20240514_102049_7142-scaled.jpg?resize=100%2C100&amp;ssl=1 100w, https:\/\/i0.wp.com\/www.chasseurscourrier.com\/wp-content\/uploads\/2024\/04\/IMG_20240514_102049_7142-scaled.jpg?zoom=2&amp;resize=300%2C300&amp;ssl=1 600w, https:\/\/i0.wp.com\/www.chasseurscourrier.com\/wp-content\/uploads\/2024\/04\/IMG_20240514_102049_7142-scaled.jpg?zoom=3&amp;resize=300%2C300&amp;ssl=1 900w\" sizes=\"(max-width: 300px) 100vw, 300px\" \/><h2 class=\"woocommerce-loop-product__title\">Chasseurs 10th anniversary embroidered patch<\/h2>\n\t<span class=\"price\"><span class=\"woocommerce-Price-amount amount\"><bdi><span class=\"woocommerce-Price-currencySymbol\">&#36;<\/span>5.00<\/bdi><\/span><\/span>\n<\/a><a href=\"?add-to-cart=1090\" aria-describedby=\"woocommerce_loop_add_to_cart_link_describedby_1090\" data-quantity=\"1\" class=\"button product_type_simple add_to_cart_button ajax_add_to_cart\" data-product_id=\"1090\" data-product_sku=\"\" aria-label=\"Ajouter au panier\u00a0: \u201cChasseurs 10th anniversary embroidered patch\u201d\" rel=\"nofollow\" data-success_message=\"\u00ab\u00a0Chasseurs 10th anniversary embroidered patch\u00a0\u00bb a \u00e9t\u00e9 ajout\u00e9 \u00e0 votre panier\" data-no-translation=\"\" data-trp-gettext=\"\" data-no-translation-aria-label=\"\" data-no-translation-data-success_message=\"\">Ajouter au panier<\/a>\t<span id=\"woocommerce_loop_add_to_cart_link_describedby_1090\" class=\"screen-reader-text\">\n\t\t\t<\/span>\n<\/li>\n<\/ul>\n<\/div>\t\t\t\t<\/div>\n\t\t\t\t<\/div>\n\t\t\t\t\t<\/div>\n\t\t\t\t<\/div>\n\t\t\t\t<\/div>","protected":false},"excerpt":{"rendered":"","protected":false},"author":2,"featured_media":0,"parent":0,"menu_order":0,"comment_status":"closed","ping_status":"closed","template":"","meta":{"footnotes":""},"class_list":["post-1149","page","type-page","status-publish","hentry"],"yoast_head":"<!-- This site is optimized with the Yoast SEO plugin v27.6 - https:\/\/yoast.com\/product\/yoast-seo-wordpress\/ -->\n<title>shop - Chasseurs Courrier Coop de solidarit\u00e9<\/title>\n<meta name=\"robots\" content=\"index, follow, max-snippet:-1, max-image-preview:large, max-video-preview:-1\" \/>\n<link rel=\"canonical\" href=\"https:\/\/www.chasseurscourrier.com\/fr\/shop\/\" \/>\n<meta property=\"og:locale\" content=\"fr_CA\" \/>\n<meta property=\"og:type\" content=\"article\" \/>\n<meta property=\"og:title\" content=\"shop - Chasseurs Courrier Coop de solidarit\u00e9\" \/>\n<meta property=\"og:url\" content=\"https:\/\/www.chasseurscourrier.com\/fr\/shop\/\" \/>\n<meta property=\"og:site_name\" content=\"Chasseurs Courrier Coop de solidarit\u00e9\" \/>\n<meta property=\"article:modified_time\" content=\"2024-04-17T16:18:25+00:00\" \/>\n<meta name=\"twitter:card\" content=\"summary_large_image\" \/>\n<script type=\"application\/ld+json\" class=\"yoast-schema-graph\">{\"@context\":\"https:\\\/\\\/schema.org\",\"@graph\":[{\"@type\":\"WebPage\",\"@id\":\"https:\\\/\\\/www.chasseurscourrier.com\\\/shop\\\/\",\"url\":\"https:\\\/\\\/www.chasseurscourrier.com\\\/shop\\\/\",\"name\":\"shop - Chasseurs Courrier Coop de solidarit\u00e9\",\"isPartOf\":{\"@id\":\"https:\\\/\\\/www.chasseurscourrier.com\\\/#website\"},\"datePublished\":\"2024-04-17T14:23:26+00:00\",\"dateModified\":\"2024-04-17T16:18:25+00:00\",\"breadcrumb\":{\"@id\":\"https:\\\/\\\/www.chasseurscourrier.com\\\/shop\\\/#breadcrumb\"},\"inLanguage\":\"fr-CA\",\"potentialAction\":[{\"@type\":\"ReadAction\",\"target\":[\"https:\\\/\\\/www.chasseurscourrier.com\\\/shop\\\/\"]}]},{\"@type\":\"BreadcrumbList\",\"@id\":\"https:\\\/\\\/www.chasseurscourrier.com\\\/shop\\\/#breadcrumb\",\"itemListElement\":[{\"@type\":\"ListItem\",\"position\":1,\"name\":\"Home\",\"item\":\"https:\\\/\\\/www.chasseurscourrier.com\\\/\"},{\"@type\":\"ListItem\",\"position\":2,\"name\":\"shop\"}]},{\"@type\":\"WebSite\",\"@id\":\"https:\\\/\\\/www.chasseurscourrier.com\\\/#website\",\"url\":\"https:\\\/\\\/www.chasseurscourrier.com\\\/\",\"name\":\"Chasseurs Courrier Coop de solidarit\u00e9\",\"description\":\"\",\"publisher\":{\"@id\":\"https:\\\/\\\/www.chasseurscourrier.com\\\/#organization\"},\"potentialAction\":[{\"@type\":\"SearchAction\",\"target\":{\"@type\":\"EntryPoint\",\"urlTemplate\":\"https:\\\/\\\/www.chasseurscourrier.com\\\/?s={search_term_string}\"},\"query-input\":{\"@type\":\"PropertyValueSpecification\",\"valueRequired\":true,\"valueName\":\"search_term_string\"}}],\"inLanguage\":\"fr-CA\"},{\"@type\":\"Organization\",\"@id\":\"https:\\\/\\\/www.chasseurscourrier.com\\\/#organization\",\"name\":\"Chasseurs Courrier Coop de solidarit\u00e9\",\"url\":\"https:\\\/\\\/www.chasseurscourrier.com\\\/\",\"logo\":{\"@type\":\"ImageObject\",\"inLanguage\":\"fr-CA\",\"@id\":\"https:\\\/\\\/www.chasseurscourrier.com\\\/#\\\/schema\\\/logo\\\/image\\\/\",\"url\":\"https:\\\/\\\/i0.wp.com\\\/www.chasseurscourrier.com\\\/wp-content\\\/uploads\\\/2023\\\/10\\\/chasseurs-coop-logo-dark.png?fit=982%2C782&ssl=1\",\"contentUrl\":\"https:\\\/\\\/i0.wp.com\\\/www.chasseurscourrier.com\\\/wp-content\\\/uploads\\\/2023\\\/10\\\/chasseurs-coop-logo-dark.png?fit=982%2C782&ssl=1\",\"width\":982,\"height\":782,\"caption\":\"Chasseurs Courrier Coop de solidarit\u00e9\"},\"image\":{\"@id\":\"https:\\\/\\\/www.chasseurscourrier.com\\\/#\\\/schema\\\/logo\\\/image\\\/\"}}]}<\/script>\n<!-- \/ Yoast SEO plugin. -->","yoast_head_json":{"title":"shop - Chasseurs Courrier Coop de solidarit\u00e9","robots":{"index":"index","follow":"follow","max-snippet":"max-snippet:-1","max-image-preview":"max-image-preview:large","max-video-preview":"max-video-preview:-1"},"canonical":"https:\/\/www.chasseurscourrier.com\/fr\/shop\/","og_locale":"fr_CA","og_type":"article","og_title":"shop - Chasseurs Courrier Coop de solidarit\u00e9","og_url":"https:\/\/www.chasseurscourrier.com\/fr\/shop\/","og_site_name":"Chasseurs Courrier Coop de solidarit\u00e9","article_modified_time":"2024-04-17T16:18:25+00:00","twitter_card":"summary_large_image","schema":{"@context":"https:\/\/schema.org","@graph":[{"@type":"WebPage","@id":"https:\/\/www.chasseurscourrier.com\/shop\/","url":"https:\/\/www.chasseurscourrier.com\/shop\/","name":"shop - Chasseurs Courrier Coop de solidarit\u00e9","isPartOf":{"@id":"https:\/\/www.chasseurscourrier.com\/#website"},"datePublished":"2024-04-17T14:23:26+00:00","dateModified":"2024-04-17T16:18:25+00:00","breadcrumb":{"@id":"https:\/\/www.chasseurscourrier.com\/shop\/#breadcrumb"},"inLanguage":"fr-CA","potentialAction":[{"@type":"ReadAction","target":["https:\/\/www.chasseurscourrier.com\/shop\/"]}]},{"@type":"BreadcrumbList","@id":"https:\/\/www.chasseurscourrier.com\/shop\/#breadcrumb","itemListElement":[{"@type":"ListItem","position":1,"name":"Home","item":"https:\/\/www.chasseurscourrier.com\/"},{"@type":"ListItem","position":2,"name":"shop"}]},{"@type":"WebSite","@id":"https:\/\/www.chasseurscourrier.com\/#website","url":"https:\/\/www.chasseurscourrier.com\/","name":"Chasseurs Courrier Coop de solidarit\u00e9","description":"","publisher":{"@id":"https:\/\/www.chasseurscourrier.com\/#organization"},"potentialAction":[{"@type":"SearchAction","target":{"@type":"EntryPoint","urlTemplate":"https:\/\/www.chasseurscourrier.com\/?s={search_term_string}"},"query-input":{"@type":"PropertyValueSpecification","valueRequired":true,"valueName":"search_term_string"}}],"inLanguage":"fr-CA"},{"@type":"Organization","@id":"https:\/\/www.chasseurscourrier.com\/#organization","name":"Chasseurs Courrier Coop de solidarit\u00e9","url":"https:\/\/www.chasseurscourrier.com\/","logo":{"@type":"ImageObject","inLanguage":"fr-CA","@id":"https:\/\/www.chasseurscourrier.com\/#\/schema\/logo\/image\/","url":"https:\/\/i0.wp.com\/www.chasseurscourrier.com\/wp-content\/uploads\/2023\/10\/chasseurs-coop-logo-dark.png?fit=982%2C782&ssl=1","contentUrl":"https:\/\/i0.wp.com\/www.chasseurscourrier.com\/wp-content\/uploads\/2023\/10\/chasseurs-coop-logo-dark.png?fit=982%2C782&ssl=1","width":982,"height":782,"caption":"Chasseurs Courrier Coop de solidarit\u00e9"},"image":{"@id":"https:\/\/www.chasseurscourrier.com\/#\/schema\/logo\/image\/"}}]}},"jetpack_sharing_enabled":true,"_links":{"self":[{"href":"https:\/\/www.chasseurscourrier.com\/fr\/wp-json\/wp\/v2\/pages\/1149","targetHints":{"allow":["GET"]}}],"collection":[{"href":"https:\/\/www.chasseurscourrier.com\/fr\/wp-json\/wp\/v2\/pages"}],"about":[{"href":"https:\/\/www.chasseurscourrier.com\/fr\/wp-json\/wp\/v2\/types\/page"}],"author":[{"embeddable":true,"href":"https:\/\/www.chasseurscourrier.com\/fr\/wp-json\/wp\/v2\/users\/2"}],"replies":[{"embeddable":true,"href":"https:\/\/www.chasseurscourrier.com\/fr\/wp-json\/wp\/v2\/comments?post=1149"}],"version-history":[{"count":5,"href":"https:\/\/www.chasseurscourrier.com\/fr\/wp-json\/wp\/v2\/pages\/1149\/revisions"}],"predecessor-version":[{"id":1185,"href":"https:\/\/www.chasseurscourrier.com\/fr\/wp-json\/wp\/v2\/pages\/1149\/revisions\/1185"}],"wp:attachment":[{"href":"https:\/\/www.chasseurscourrier.com\/fr\/wp-json\/wp\/v2\/media?parent=1149"}],"curies":[{"name":"wp","href":"https:\/\/api.w.org\/{rel}","templated":true}]}}